{"id":10,"date":"2023-01-23T17:27:53","date_gmt":"2023-01-23T21:27:53","guid":{"rendered":"http:\/\/dieben.net\/?page_id=10"},"modified":"2023-02-01T12:42:44","modified_gmt":"2023-02-01T16:42:44","slug":"home","status":"publish","type":"page","link":"https:\/\/dieben.net\/pap\/","title":{"rendered":"Kas"},"content":{"rendered":"<div data-elementor-type=\"wp-page\" data-elementor-id=\"10\" class=\"elementor elementor-10\">\n\t\t\t\t<div class=\"elementor-element elementor-element-82772ea e-flex e-con-boxed e-con e-parent\" data-id=\"82772ea\" data-element_type=\"container\" data-e-type=\"container\" data-settings=\"{&quot;background_background&quot;:&quot;classic&quot;}\">\n\t\t\t\t\t<div class=\"e-con-inner\">\n\t\t\t\t<div class=\"elementor-element elementor-element-39f2266 elementor-widget-divider--view-line elementor-widget elementor-widget-divider\" data-id=\"39f2266\" data-element_type=\"widget\" data-e-type=\"widget\" data-widget_type=\"divider.default\">\n\t\t\t\t<div class=\"elementor-widget-container\">\n\t\t\t\t\t\t\t<div class=\"elementor-divider\">\n\t\t\t<span class=\"elementor-divider-separator\">\n\t\t\t\t\t\t<\/span>\n\t\t<\/div>\n\t\t\t\t\t\t<\/div>\n\t\t\t\t<\/div>\n\t\t\t\t<div class=\"elementor-element elementor-element-466344e elementor-invisible elementor-widget elementor-widget-heading\" data-id=\"466344e\" data-element_type=\"widget\" data-e-type=\"widget\" data-settings=\"{&quot;_animation&quot;:&quot;fadeInUp&quot;}\" data-widget_type=\"heading.default\">\n\t\t\t\t<div class=\"elementor-widget-container\">\n\t\t\t\t\t<h2 class=\"elementor-heading-title elementor-size-default\"><h1 data-elementor-setting-key=\"title\" data-pen-placeholder=\"Type Here...\" style=\"border-width: 0px;border-style: initial;font-size: 50px;font-style: normal;font-weight: 100;vertical-align: baseline;clear: both;font-family: var( --e-global-typography-primary-font-family ), Sans-serif;text-transform: uppercase;letter-spacing: normal;text-align: center\">MAS FUERTE <span style=\"font-weight: 700\">HUNTU<\/span><\/h1><\/h2>\t\t\t\t<\/div>\n\t\t\t\t<\/div>\n\t\t\t\t\t<\/div>\n\t\t\t\t<\/div>\n\t\t<div class=\"elementor-element elementor-element-6182360 e-flex e-con-boxed e-con e-parent\" data-id=\"6182360\" data-element_type=\"container\" data-e-type=\"container\" data-settings=\"{&quot;background_background&quot;:&quot;classic&quot;}\">\n\t\t\t\t\t<div class=\"e-con-inner\">\n\t\t<div class=\"elementor-element elementor-element-f47ca95 e-con-full e-flex e-con e-parent\" data-id=\"f47ca95\" data-element_type=\"container\" data-e-type=\"container\">\n\t\t\t\t<div class=\"elementor-element elementor-element-2b4c7b9 elementor-view-default elementor-position-block-start elementor-mobile-position-block-start elementor-widget elementor-widget-icon-box\" data-id=\"2b4c7b9\" data-element_type=\"widget\" data-e-type=\"widget\" data-widget_type=\"icon-box.default\">\n\t\t\t\t<div class=\"elementor-widget-container\">\n\t\t\t\t\t\t\t<div class=\"elementor-icon-box-wrapper\">\n\n\t\t\t\t\t\t<div class=\"elementor-icon-box-icon\">\n\t\t\t\t<span  class=\"elementor-icon elementor-animation-grow\">\n\t\t\t\t<i aria-hidden=\"true\" class=\"fas fa-chart-line\"><\/i>\t\t\t\t<\/span>\n\t\t\t<\/div>\n\t\t\t\n\t\t\t\t\t\t<div class=\"elementor-icon-box-content\">\n\n\t\t\t\t\t\t\t\t\t<h3 class=\"elementor-icon-box-title\">\n\t\t\t\t\t\t<span  >\n\t\t\t\t\t\t\tINTELIGENSIA DI NEGOSHO\t\t\t\t\t\t<\/span>\n\t\t\t\t\t<\/h3>\n\t\t\t\t\n\t\t\t\t\n\t\t\t<\/div>\n\t\t\t\n\t\t<\/div>\n\t\t\t\t\t\t<\/div>\n\t\t\t\t<\/div>\n\t\t\t\t<\/div>\n\t\t<div class=\"elementor-element elementor-element-6d965ff e-con-full e-flex e-con e-parent\" data-id=\"6d965ff\" data-element_type=\"container\" data-e-type=\"container\">\n\t\t\t\t<div class=\"elementor-element elementor-element-0a2d4c8 elementor-widget elementor-widget-text-editor\" data-id=\"0a2d4c8\" data-element_type=\"widget\" data-e-type=\"widget\" data-widget_type=\"text-editor.default\">\n\t\t\t\t<div class=\"elementor-widget-container\">\n\t\t\t\t\t\t\t\t\t<h5>S\u00f2ru pa bo desishonnan ta sosten\u00e9 pa datonan signifikante. Present\u00e1 na un manera visualmente atraktivo pa atra\u00e9 bo p\u00fabliko.  \ufffd<\/h5>\t\t\t\t\t\t\t\t<\/div>\n\t\t\t\t<\/div>\n\t\t\t\t<\/div>\n\t\t\t\t\t<\/div>\n\t\t\t\t<\/div>\n\t\t<div class=\"elementor-element elementor-element-b01e725 e-flex e-con-boxed e-con e-parent\" data-id=\"b01e725\" data-element_type=\"container\" data-e-type=\"container\" data-settings=\"{&quot;background_background&quot;:&quot;classic&quot;}\">\n\t\t\t\t\t<div class=\"e-con-inner\">\n\t\t<div class=\"elementor-element elementor-element-8411634 e-con-full e-flex e-con e-parent\" data-id=\"8411634\" data-element_type=\"container\" data-e-type=\"container\">\n\t\t\t\t<\/div>\n\t\t<div class=\"elementor-element elementor-element-ccb37fc e-con-full e-flex e-con e-parent\" data-id=\"ccb37fc\" data-element_type=\"container\" data-e-type=\"container\">\n\t\t\t\t<div class=\"elementor-element elementor-element-6ba1fca elementor-widget elementor-widget-text-editor\" data-id=\"6ba1fca\" data-element_type=\"widget\" data-e-type=\"widget\" data-widget_type=\"text-editor.default\">\n\t\t\t\t<div class=\"elementor-widget-container\">\n\t\t\t\t\t\t\t\t\t<h4>Konosementu di kumplimentu regulatorio (Bon Pr\u00e1ktika di Fabrikashon) i komersial pa 9 pais.<\/h4>\t\t\t\t\t\t\t\t<\/div>\n\t\t\t\t<\/div>\n\t\t\t\t<\/div>\n\t\t<div class=\"elementor-element elementor-element-05bc6f1 e-con-full e-flex e-con e-parent\" data-id=\"05bc6f1\" data-element_type=\"container\" data-e-type=\"container\">\n\t\t\t\t<div class=\"elementor-element elementor-element-24ec252 elementor-view-default elementor-position-block-start elementor-mobile-position-block-start elementor-widget elementor-widget-icon-box\" data-id=\"24ec252\" data-element_type=\"widget\" data-e-type=\"widget\" data-widget_type=\"icon-box.default\">\n\t\t\t\t<div class=\"elementor-widget-container\">\n\t\t\t\t\t\t\t<div class=\"elementor-icon-box-wrapper\">\n\n\t\t\t\t\t\t<div class=\"elementor-icon-box-icon\">\n\t\t\t\t<span  class=\"elementor-icon elementor-animation-grow\">\n\t\t\t\t<i aria-hidden=\"true\" class=\"fas fa-globe-americas\"><\/i>\t\t\t\t<\/span>\n\t\t\t<\/div>\n\t\t\t\n\t\t\t\t\t\t<div class=\"elementor-icon-box-content\">\n\n\t\t\t\t\t\t\t\t\t<h3 class=\"elementor-icon-box-title\">\n\t\t\t\t\t\t<span  >\n\t\t\t\t\t\t\tKUMPLIMENTU KU REGLAMENTASHON\t\t\t\t\t\t<\/span>\n\t\t\t\t\t<\/h3>\n\t\t\t\t\n\t\t\t\t\n\t\t\t<\/div>\n\t\t\t\n\t\t<\/div>\n\t\t\t\t\t\t<\/div>\n\t\t\t\t<\/div>\n\t\t\t\t<\/div>\n\t\t\t\t\t<\/div>\n\t\t\t\t<\/div>\n\t\t<div class=\"elementor-element elementor-element-653fe53 e-flex e-con-boxed e-con e-parent\" data-id=\"653fe53\" data-element_type=\"container\" data-e-type=\"container\" data-settings=\"{&quot;background_background&quot;:&quot;classic&quot;}\">\n\t\t\t\t\t<div class=\"e-con-inner\">\n\t\t<div class=\"elementor-element elementor-element-36f078c e-con-full e-flex e-con e-parent\" data-id=\"36f078c\" data-element_type=\"container\" data-e-type=\"container\">\n\t\t\t\t<div class=\"elementor-element elementor-element-8ccde3b elementor-view-default elementor-position-block-start elementor-mobile-position-block-start elementor-widget elementor-widget-icon-box\" data-id=\"8ccde3b\" data-element_type=\"widget\" data-e-type=\"widget\" data-widget_type=\"icon-box.default\">\n\t\t\t\t<div class=\"elementor-widget-container\">\n\t\t\t\t\t\t\t<div class=\"elementor-icon-box-wrapper\">\n\n\t\t\t\t\t\t<div class=\"elementor-icon-box-icon\">\n\t\t\t\t<span  class=\"elementor-icon elementor-animation-grow\">\n\t\t\t\t<svg xmlns=\"http:\/\/www.w3.org\/2000\/svg\" xmlns:xlink=\"http:\/\/www.w3.org\/1999\/xlink\" fill=\"#000000\" height=\"800px\" width=\"800px\" id=\"Layer_1\" viewbox=\"0 0 480 480\" xml:space=\"preserve\"><g>\t<g>\t\t<g>\t\t\t<path d=\"M240,0C107.664,0,0,107.664,0,240s107.664,240,240,240s240-107.664,240-240S372.336,0,240,0z M240,460    c-121.309,0-220-98.691-220-220S118.691,20,240,20s220,98.691,220,220S361.309,460,240,460z\"><\/path>\t\t\t<path d=\"M410,194.999h-27.058c-2.643-8.44-6-16.56-10.03-24.271l19.158-19.158c3.776-3.775,5.854-8.79,5.854-14.121    c0-5.332-2.08-10.347-5.854-14.121l-35.399-35.399c-3.775-3.775-8.79-5.854-14.122-5.854c-5.331,0-10.346,2.079-14.121,5.854    l-19.158,19.158c-7.711-4.03-15.832-7.386-24.271-10.03V70c0-11.028-8.972-20-20-20h-50c-11.028,0-20,8.972-20,20v27.058    c-8.44,2.643-16.56,6-24.271,10.03L151.57,87.93c-3.775-3.776-8.79-5.854-14.121-5.854c-5.332,0-10.347,2.08-14.121,5.854    l-35.399,35.399c-3.775,3.775-5.854,8.79-5.854,14.122c0,5.331,2.079,10.346,5.854,14.121l19.158,19.158    c-4.03,7.711-7.386,15.832-10.03,24.271H70c-11.028,0-20,8.972-20,20v50c0,11.028,8.972,20,20,20h27.057    c2.643,8.44,6,16.56,10.03,24.271L87.929,328.43c-3.776,3.775-5.854,8.79-5.854,14.121c0,5.332,2.08,10.347,5.854,14.121    l35.399,35.399c3.775,3.775,8.79,5.854,14.122,5.854c5.331,0,10.346-2.079,14.121-5.854l19.158-19.158    c7.711,4.03,15.832,7.386,24.271,10.03V410c0,11.028,8.972,20,20,20h50c11.028,0,20-8.972,20.001-20v-27.058    c8.44-2.643,16.56-6,24.271-10.03l19.158,19.158c3.775,3.776,8.79,5.854,14.121,5.854c5.332,0,10.347-2.08,14.121-5.854    l35.399-35.399c3.775-3.775,5.854-8.79,5.854-14.122c0-5.331-2.079-10.346-5.854-14.121l-19.158-19.158    c4.03-7.711,7.386-15.832,10.03-24.271H410c11.028,0,20-8.972,20-20v-50C430,203.971,421.028,194.999,410,194.999z M410,264.998    h-34.598c-4.562,0-8.544,3.086-9.684,7.503c-3.069,11.901-7.716,23.133-13.813,33.387c-2.337,3.931-1.71,8.948,1.524,12.182    l24.5,24.457l-35.357,35.4l-24.5-24.5c-3.236-3.235-8.253-3.86-12.182-1.524c-10.254,6.097-21.487,10.745-33.387,13.813    c-4.417,1.14-7.503,5.122-7.503,9.684V410h-50v-34.599c0-4.562-3.086-8.544-7.503-9.684    c-11.901-3.069-23.133-7.716-33.387-13.813c-1.587-0.944-3.353-1.404-5.107-1.404c-2.586,0-5.147,1.002-7.073,2.931l-24.457,24.5    l-35.4-35.357l24.5-24.5c3.234-3.235,3.861-8.251,1.524-12.182c-6.097-10.254-10.745-21.487-13.813-33.387    c-1.14-4.417-5.122-7.503-9.684-7.503H70v-50h34.596c4.562,0,8.544-3.086,9.684-7.503c3.069-11.901,7.716-23.133,13.813-33.387    c2.337-3.931,1.71-8.948-1.524-12.182l-24.5-24.457l35.357-35.4l24.5,24.5c3.236,3.235,8.253,3.861,12.182,1.524    c10.254-6.097,21.487-10.745,33.387-13.813c4.417-1.14,7.503-5.122,7.503-9.684V70h50v34.596c0,4.562,3.086,8.544,7.503,9.684    c11.901,3.069,23.133,7.716,33.387,13.813c3.929,2.337,8.947,1.709,12.182-1.524l24.457-24.5l35.4,35.357l-24.5,24.5    c-3.234,3.235-3.861,8.251-1.524,12.182c6.097,10.254,10.745,21.487,13.813,33.387c1.14,4.417,5.122,7.503,9.684,7.503H410    V264.998z\"><\/path>\t\t\t<path d=\"M331.585,292.475l-40-35l-13.17,15.051L298.386,290H240c-27.57,0-50-22.43-50-50h-20c0,38.598,31.402,70,70,70h58.386    l-19.971,17.475l13.17,15.051l40-35c2.17-1.898,3.415-4.642,3.415-7.525S333.755,294.373,331.585,292.475z\"><\/path>\t\t\t<path d=\"M201.585,207.473L181.614,190H240c27.57,0,50,22.43,50,50h20c0-38.598-31.402-70-70-70h-58.386l19.971-17.475    l-13.17-15.051l-40,35c-2.17,1.898-3.415,4.642-3.415,7.525s1.245,5.627,3.415,7.525l40,35L201.585,207.473z\"><\/path>\t\t<\/g>\t<\/g><\/g><\/svg>\t\t\t\t<\/span>\n\t\t\t<\/div>\n\t\t\t\n\t\t\t\t\t\t<div class=\"elementor-icon-box-content\">\n\n\t\t\t\t\t\t\t\t\t<h3 class=\"elementor-icon-box-title\">\n\t\t\t\t\t\t<span  >\n\t\t\t\t\t\t\tMEHORASHON DI PROSESO\t\t\t\t\t\t<\/span>\n\t\t\t\t\t<\/h3>\n\t\t\t\t\n\t\t\t\t\n\t\t\t<\/div>\n\t\t\t\n\t\t<\/div>\n\t\t\t\t\t\t<\/div>\n\t\t\t\t<\/div>\n\t\t\t\t<\/div>\n\t\t<div class=\"elementor-element elementor-element-9bc5064 e-con-full e-flex e-con e-parent\" data-id=\"9bc5064\" data-element_type=\"container\" data-e-type=\"container\">\n\t\t\t\t<div class=\"elementor-element elementor-element-64e14ee elementor-widget elementor-widget-text-editor\" data-id=\"64e14ee\" data-element_type=\"widget\" data-e-type=\"widget\" data-widget_type=\"text-editor.default\">\n\t\t\t\t<div class=\"elementor-widget-container\">\n\t\t\t\t\t\t\t\t\t<h3>Habilit\u00e1 mehorashonnan di proseso den ambientenan di Kuido di Sal\u00fa (Semi) Gubernamental<\/h3>\t\t\t\t\t\t\t\t<\/div>\n\t\t\t\t<\/div>\n\t\t\t\t<\/div>\n\t\t\t\t\t<\/div>\n\t\t\t\t<\/div>\n\t\t<div class=\"elementor-element elementor-element-6d53a99 e-flex e-con-boxed e-con e-parent\" data-id=\"6d53a99\" data-element_type=\"container\" data-e-type=\"container\" data-settings=\"{&quot;background_background&quot;:&quot;classic&quot;}\">\n\t\t\t\t\t<div class=\"e-con-inner\">\n\t\t<div class=\"elementor-element elementor-element-df61e13 e-con-full e-flex e-con e-parent\" data-id=\"df61e13\" data-element_type=\"container\" data-e-type=\"container\">\n\t\t\t\t<\/div>\n\t\t<div class=\"elementor-element elementor-element-a2a4117 e-con-full e-flex e-con e-parent\" data-id=\"a2a4117\" data-element_type=\"container\" data-e-type=\"container\">\n\t\t\t\t<div class=\"elementor-element elementor-element-a8c4e5b elementor-widget elementor-widget-heading\" data-id=\"a8c4e5b\" data-element_type=\"widget\" data-e-type=\"widget\" data-widget_type=\"heading.default\">\n\t\t\t\t<div class=\"elementor-widget-container\">\n\t\t\t\t\t<h2 class=\"elementor-heading-title elementor-size-medium\">Ken Mi Ta. Kiko Mi Ta Hasi.<\/h2>\t\t\t\t<\/div>\n\t\t\t\t<\/div>\n\t\t\t\t<div class=\"elementor-element elementor-element-c928f31 elementor-widget-divider--view-line elementor-widget elementor-widget-divider\" data-id=\"c928f31\" data-element_type=\"widget\" data-e-type=\"widget\" data-widget_type=\"divider.default\">\n\t\t\t\t<div class=\"elementor-widget-container\">\n\t\t\t\t\t\t\t<div class=\"elementor-divider\">\n\t\t\t<span class=\"elementor-divider-separator\">\n\t\t\t\t\t\t<\/span>\n\t\t<\/div>\n\t\t\t\t\t\t<\/div>\n\t\t\t\t<\/div>\n\t\t\t\t<div class=\"elementor-element elementor-element-e771686 elementor-widget elementor-widget-text-editor\" data-id=\"e771686\" data-element_type=\"widget\" data-e-type=\"widget\" data-widget_type=\"text-editor.default\">\n\t\t\t\t<div class=\"elementor-widget-container\">\n\t\t\t\t\t\t\t\t\t<h6>Gerente eksitoso (General\/Finansiero) ku un komprondementu pr\u00e1ktiko di nesesidatnan di negoshi operashonal i eksperensia amplio den kompanianan multinashonal, inkluyendo organisashonnan di produkshon, komersial i (semi) gubernamental.<\/h6>\t\t\t\t\t\t\t\t<\/div>\n\t\t\t\t<\/div>\n\t\t\t\t<\/div>\n\t\t\t\t\t<\/div>\n\t\t\t\t<\/div>\n\t\t<div class=\"elementor-element elementor-element-b377cbc e-flex e-con-boxed e-con e-parent\" data-id=\"b377cbc\" data-element_type=\"container\" data-e-type=\"container\" data-settings=\"{&quot;background_background&quot;:&quot;classic&quot;}\">\n\t\t\t\t\t<div class=\"e-con-inner\">\n\t\t<div class=\"elementor-element elementor-element-d9b2f94 e-con-full e-flex e-con e-parent\" data-id=\"d9b2f94\" data-element_type=\"container\" data-e-type=\"container\">\n\t\t\t\t<div class=\"elementor-element elementor-element-275be09 elementor-view-default elementor-position-block-start elementor-mobile-position-block-start elementor-widget elementor-widget-icon-box\" data-id=\"275be09\" data-element_type=\"widget\" data-e-type=\"widget\" data-widget_type=\"icon-box.default\">\n\t\t\t\t<div class=\"elementor-widget-container\">\n\t\t\t\t\t\t\t<div class=\"elementor-icon-box-wrapper\">\n\n\t\t\t\t\t\t<div class=\"elementor-icon-box-icon\">\n\t\t\t\t<span  class=\"elementor-icon elementor-animation-grow\">\n\t\t\t\t<i aria-hidden=\"true\" class=\"fas fa-calculator\"><\/i>\t\t\t\t<\/span>\n\t\t\t<\/div>\n\t\t\t\n\t\t\t\t\t\t<div class=\"elementor-icon-box-content\">\n\n\t\t\t\t\t\t\t\t\t<h3 class=\"elementor-icon-box-title\">\n\t\t\t\t\t\t<span  >\n\t\t\t\t\t\t\tOPERASHONNAN I KONTROL\t\t\t\t\t\t<\/span>\n\t\t\t\t\t<\/h3>\n\t\t\t\t\n\t\t\t\t\n\t\t\t<\/div>\n\t\t\t\n\t\t<\/div>\n\t\t\t\t\t\t<\/div>\n\t\t\t\t<\/div>\n\t\t\t\t<\/div>\n\t\t<div class=\"elementor-element elementor-element-e076503 e-con-full e-flex e-con e-parent\" data-id=\"e076503\" data-element_type=\"container\" data-e-type=\"container\">\n\t\t\t\t<div class=\"elementor-element elementor-element-b6838ae elementor-widget elementor-widget-text-editor\" data-id=\"b6838ae\" data-element_type=\"widget\" data-e-type=\"widget\" data-widget_type=\"text-editor.default\">\n\t\t\t\t<div class=\"elementor-widget-container\">\n\t\t\t\t\t\t\t\t\t<h3>Ekspertisio den kontabilidat di gastu, pron\u00f3stiko i efisiensia di kadena di suministro.<br \/>E v\u00ednkulo entre operashonnan, finansa i komersio.<\/h3>\t\t\t\t\t\t\t\t<\/div>\n\t\t\t\t<\/div>\n\t\t\t\t<\/div>\n\t\t\t\t\t<\/div>\n\t\t\t\t<\/div>\n\t\t<div class=\"elementor-element elementor-element-5230646 e-flex e-con-boxed e-con e-parent\" data-id=\"5230646\" data-element_type=\"container\" data-e-type=\"container\" data-settings=\"{&quot;background_background&quot;:&quot;classic&quot;}\">\n\t\t\t\t\t<div class=\"e-con-inner\">\n\t\t<div class=\"elementor-element elementor-element-4435903 e-con-full e-flex e-con e-parent\" data-id=\"4435903\" data-element_type=\"container\" data-e-type=\"container\">\n\t\t\t\t<div class=\"elementor-element elementor-element-03ec525 elementor-widget elementor-widget-spacer\" data-id=\"03ec525\" data-element_type=\"widget\" data-e-type=\"widget\" data-widget_type=\"spacer.default\">\n\t\t\t\t<div class=\"elementor-widget-container\">\n\t\t\t\t\t\t\t<div class=\"elementor-spacer\">\n\t\t\t<div class=\"elementor-spacer-inner\"><\/div>\n\t\t<\/div>\n\t\t\t\t\t\t<\/div>\n\t\t\t\t<\/div>\n\t\t\t\t<div class=\"elementor-element elementor-element-1a52810 elementor-widget elementor-widget-heading\" data-id=\"1a52810\" data-element_type=\"widget\" data-e-type=\"widget\" data-widget_type=\"heading.default\">\n\t\t\t\t<div class=\"elementor-widget-container\">\n\t\t\t\t\t<h4 class=\"elementor-heading-title elementor-size-default\">Kiko otronan ta bisa?<\/h4>\t\t\t\t<\/div>\n\t\t\t\t<\/div>\n\t\t\t\t<\/div>\n\t\t<div class=\"elementor-element elementor-element-9340f06 e-con-full e-flex e-con e-parent\" data-id=\"9340f06\" data-element_type=\"container\" data-e-type=\"container\">\n\t\t\t\t<div class=\"elementor-element elementor-element-134e987 elementor-widget elementor-widget-testimonial\" data-id=\"134e987\" data-element_type=\"widget\" data-e-type=\"widget\" data-widget_type=\"testimonial.default\">\n\t\t\t\t<div class=\"elementor-widget-container\">\n\t\t\t\t\t\t\t<div class=\"elementor-testimonial-wrapper\">\n\t\t\t\t\t\t\t<div class=\"elementor-testimonial-content\">Bart ta un profeshonal dedik\u00e1 ku ta komprond\u00e9 e nesesidatnan di tur stakeholder.<\/div>\n\t\t\t\n\t\t\t\t\t\t<div class=\"elementor-testimonial-meta elementor-has-image elementor-testimonial-image-position-aside\">\n\t\t\t\t<div class=\"elementor-testimonial-meta-inner\">\n\t\t\t\t\t\t\t\t\t\t\t<div class=\"elementor-testimonial-image\">\n\t\t\t\t\t\t\t<a href=\"https:\/\/investors.fagron.com\/\"><img decoding=\"async\" width=\"150\" height=\"150\" src=\"https:\/\/dieben.net\/wp-content\/uploads\/2023\/01\/karin-de-jong.png\" class=\"attachment-full size-full wp-image-59\" alt=\"\" \/><\/a>\t\t\t\t\t\t<\/div>\n\t\t\t\t\t\n\t\t\t\t\t\t\t\t\t\t<div class=\"elementor-testimonial-details\">\n\t\t\t\t\t\t\t\t\t\t\t\t\t\t<a class=\"elementor-testimonial-name\" href=\"https:\/\/investors.fagron.com\/\">Karin de Jong<\/a>\n\t\t\t\t\t\t\t\t\t\t\t\t\t\t\t\t\t\t\t\t\t\t<a class=\"elementor-testimonial-job\" href=\"https:\/\/investors.fagron.com\/\">Ofisial Finansiero Hefe @ Fagron<\/a>\n\t\t\t\t\t\t\t\t\t\t\t\t\t<\/div>\n\t\t\t\t\t\t\t\t\t<\/div>\n\t\t\t<\/div>\n\t\t\t\t\t<\/div>\n\t\t\t\t\t\t<\/div>\n\t\t\t\t<\/div>\n\t\t\t\t<\/div>\n\t\t<div class=\"elementor-element elementor-element-0333c0a e-con-full e-flex e-con e-parent\" data-id=\"0333c0a\" data-element_type=\"container\" data-e-type=\"container\">\n\t\t\t\t<div class=\"elementor-element elementor-element-87b6d7d elementor-widget elementor-widget-testimonial\" data-id=\"87b6d7d\" data-element_type=\"widget\" data-e-type=\"widget\" data-widget_type=\"testimonial.default\">\n\t\t\t\t<div class=\"elementor-widget-container\">\n\t\t\t\t\t\t\t<div class=\"elementor-testimonial-wrapper\">\n\t\t\t\t\t\t\t<div class=\"elementor-testimonial-content\">Hasi e paso dilanti pa logra e metanan di e kompania semper ta un di e enfokenan prinsipal di Bart.<\/div>\n\t\t\t\n\t\t\t\t\t\t<div class=\"elementor-testimonial-meta elementor-has-image elementor-testimonial-image-position-aside\">\n\t\t\t\t<div class=\"elementor-testimonial-meta-inner\">\n\t\t\t\t\t\t\t\t\t\t\t<div class=\"elementor-testimonial-image\">\n\t\t\t\t\t\t\t<a href=\"https:\/\/investors.fagron.com\/\"><img decoding=\"async\" width=\"150\" height=\"150\" src=\"https:\/\/dieben.net\/wp-content\/uploads\/2023\/01\/ries-van-lomwel.jpg\" class=\"attachment-full size-full wp-image-60\" alt=\"\" \/><\/a>\t\t\t\t\t\t<\/div>\n\t\t\t\t\t\n\t\t\t\t\t\t\t\t\t\t<div class=\"elementor-testimonial-details\">\n\t\t\t\t\t\t\t\t\t\t\t\t\t\t<a class=\"elementor-testimonial-name\" href=\"https:\/\/investors.fagron.com\/\">Ries van Lomwel<\/a>\n\t\t\t\t\t\t\t\t\t\t\t\t\t\t\t\t\t\t\t\t\t\t<a class=\"elementor-testimonial-job\" href=\"https:\/\/investors.fagron.com\/\">Eks Direktor Gerente Servisio di Ambulans K\u00f2rsou<\/a>\n\t\t\t\t\t\t\t\t\t\t\t\t\t<\/div>\n\t\t\t\t\t\t\t\t\t<\/div>\n\t\t\t<\/div>\n\t\t\t\t\t<\/div>\n\t\t\t\t\t\t<\/div>\n\t\t\t\t<\/div>\n\t\t\t\t<\/div>\n\t\t\t\t\t<\/div>\n\t\t\t\t<\/div>\n\t\t\t\t<\/div>","protected":false},"excerpt":{"rendered":"<p>STRONGER TOGETHER BUSINESS INTELLIGENCE\u200b Ensure that your decisions are backed up by meaningful data. Presented in a visually attractive way to appeal to your audience. \u200b Knowledge of regulatory (Good Manufacturing Practice) and commercial compliance for 9 countries.\u200b REGULATORY COMPLIANCE\u200b PROCESS IMPROVEMENTS Enabling process improvements in (Semi) Governmental Health Care environments Who I Am. What [&hellip;]<\/p>\n","protected":false},"author":1,"featured_media":0,"parent":0,"menu_order":0,"comment_status":"closed","ping_status":"closed","template":"elementor_header_footer","meta":{"footnotes":""},"class_list":["post-10","page","type-page","status-publish","hentry"],"blocksy_meta":{"styles_descriptor":{"styles":{"desktop":"","tablet":"","mobile":""},"google_fonts":[],"version":6}},"_links":{"self":[{"href":"https:\/\/dieben.net\/pap\/wp-json\/wp\/v2\/pages\/10","targetHints":{"allow":["GET"]}}],"collection":[{"href":"https:\/\/dieben.net\/pap\/wp-json\/wp\/v2\/pages"}],"about":[{"href":"https:\/\/dieben.net\/pap\/wp-json\/wp\/v2\/types\/page"}],"author":[{"embeddable":true,"href":"https:\/\/dieben.net\/pap\/wp-json\/wp\/v2\/users\/1"}],"replies":[{"embeddable":true,"href":"https:\/\/dieben.net\/pap\/wp-json\/wp\/v2\/comments?post=10"}],"version-history":[{"count":67,"href":"https:\/\/dieben.net\/pap\/wp-json\/wp\/v2\/pages\/10\/revisions"}],"predecessor-version":[{"id":150,"href":"https:\/\/dieben.net\/pap\/wp-json\/wp\/v2\/pages\/10\/revisions\/150"}],"wp:attachment":[{"href":"https:\/\/dieben.net\/pap\/wp-json\/wp\/v2\/media?parent=10"}],"curies":[{"name":"wp","href":"https:\/\/api.w.org\/{rel}","templated":true}]}}